{"id":3001,"date":"2023-04-11T11:52:24","date_gmt":"2023-04-11T09:52:24","guid":{"rendered":"https:\/\/www.ipir.com\/personalizza\/"},"modified":"2024-11-13T17:25:48","modified_gmt":"2024-11-13T16:25:48","slug":"personalizza","status":"publish","type":"page","link":"https:\/\/www.ipir.com\/es\/personalizza\/","title":{"rendered":"UV Resistance"},"content":{"rendered":"<p>[et_pb_section fb_built=\u00bb1&#8243; custom_padding_last_edited=\u00bbon|phone\u00bb admin_label=\u00bbHeader\u00bb _builder_version=\u00bb4.19.4&#8243; _module_preset=\u00bbdefault\u00bb background_color=\u00bb#ac8365&#8243; use_background_color_gradient=\u00bbon\u00bb background_color_gradient_direction=\u00bb100deg\u00bb background_color_gradient_stops=\u00bbrgba(17,8,7,0.46) 1%|rgba(17,8,7,0.86) 99%\u00bb background_color_gradient_overlays_image=\u00bbon\u00bb background_color_gradient_start=\u00bbrgba(17,8,7,0.24)\u00bb background_color_gradient_end=\u00bb#110807&#8243; background_enable_image=\u00bboff\u00bb min_height=\u00bb200px\u00bb height=\u00bb200px\u00bb max_height=\u00bb200px\u00bb custom_padding=\u00bb||12vw||false|false\u00bb custom_padding_tablet=\u00bb||20vw||false|false\u00bb custom_padding_phone=\u00bb||40vw||false|false\u00bb locked=\u00bboff\u00bb global_colors_info=\u00bb{}\u00bb][et_pb_row _builder_version=\u00bb4.19.4&#8243; _module_preset=\u00bbdefault\u00bb global_colors_info=\u00bb{}\u00bb][et_pb_column type=\u00bb4_4&#8243; _builder_version=\u00bb4.19.4&#8243; _module_preset=\u00bbdefault\u00bb use_background_color_gradient=\u00bboff\u00bb global_colors_info=\u00bb{}\u00bb][et_pb_text _builder_version=\u00bb4.24.2&#8243; _module_preset=\u00bbdefault\u00bb header_font=\u00bb|||on|||||\u00bb header_font_size=\u00bb65px\u00bb header_letter_spacing=\u00bb0em\u00bb header_2_font=\u00bb|700||on|||||\u00bb header_2_font_size=\u00bb16px\u00bb header_2_letter_spacing=\u00bb6px\u00bb header_2_line_height=\u00bb1.2em\u00bb text_orientation=\u00bbcenter\u00bb background_layout=\u00bbdark\u00bb header_font_size_tablet=\u00bb60px\u00bb header_font_size_phone=\u00bb40px\u00bb header_font_size_last_edited=\u00bbon|phone\u00bb header_2_font_size_tablet=\u00bb14px\u00bb header_2_font_size_phone=\u00bb12px\u00bb header_2_font_size_last_edited=\u00bbon|phone\u00bb global_colors_info=\u00bb{}\u00bb]<\/p>\n<h1>UV RESISTANCE<\/h1>\n<p>[\/et_pb_text][\/et_pb_column][\/et_pb_row][\/et_pb_section][et_pb_section fb_built=\u00bb1&#8243; _builder_version=\u00bb4.20.2&#8243; _module_preset=\u00bbdefault\u00bb background_enable_image=\u00bboff\u00bb custom_margin=\u00bb||||false|false\u00bb global_colors_info=\u00bb{}\u00bb][et_pb_row _builder_version=\u00bb4.24.2&#8243; _module_preset=\u00bbdefault\u00bb custom_margin=\u00bb0px||||false|false\u00bb custom_padding=\u00bb0px||||false|false\u00bb global_colors_info=\u00bb{}\u00bb][et_pb_column type=\u00bb4_4&#8243; _builder_version=\u00bb4.20.2&#8243; _module_preset=\u00bbdefault\u00bb use_background_color_gradient=\u00bboff\u00bb global_colors_info=\u00bb{}\u00bb][et_pb_text _builder_version=\u00bb4.24.2&#8243; _module_preset=\u00bbdefault\u00bb text_font=\u00bb|600|||||||\u00bb text_text_color=\u00bb#FFFFFF\u00bb text_font_size=\u00bb36px\u00bb text_line_height=\u00bb1em\u00bb background_color=\u00bb#AC8365&#8243; text_orientation=\u00bbcenter\u00bb custom_padding=\u00bb25px|3%|25px|3%|true|true\u00bb text_font_size_tablet=\u00bb36px\u00bb text_font_size_phone=\u00bb22px\u00bb text_font_size_last_edited=\u00bbon|phone\u00bb global_colors_info=\u00bb{}\u00bb]<\/p>\n<p>Desarrolla tu proyecto con nuestra nueva tecnolog\u00eda resistente a la luz.<\/strong><\/p>\n<p>[\/et_pb_text][et_pb_text _builder_version=\u00bb4.24.2&#8243; _module_preset=\u00bbdefault\u00bb text_font=\u00bb|300|||||||\u00bb text_text_color=\u00bbgcid-aa9688cf-dd4e-4f2e-b757-7ac6ed7fa1ce\u00bb text_font_size=\u00bb20px\u00bb header_2_font=\u00bb|700|||||||\u00bb header_2_text_color=\u00bbgcid-32e70da7-b325-416c-b0b8-40bc1e312e74&#8243; header_2_font_size_tablet=\u00bb\u00bb header_2_font_size_phone=\u00bb24px\u00bb header_2_font_size_last_edited=\u00bbon|phone\u00bb global_colors_info=\u00bb{%22gcid-aa9688cf-dd4e-4f2e-b757-7ac6ed7fa1ce%22:%91%22text_text_color%22%93,%22gcid-32e70da7-b325-416c-b0b8-40bc1e312e74%22:%91%22header_2_text_color%22%93}\u00bb]<\/p>\n<p>Aplicando el m\u00e9todo exigido por la norma UNI EN ISO 105-B02, probamos la resistencia a los rayos UV de nuestro compuesto. De hecho, la materia prima se somete a un proceso de transformaci\u00f3n diferente, lo que la hace resistente sin necesidad de pintura.<\/p>\n<p>Hemos desarrollado tres niveles de protecci\u00f3n mediante la exposici\u00f3n de nuestra materia prima y la b\u00e1scula Blu Alpa Xenotest (Compa\u00f1\u00eda Atlas):<\/p>\n<p>[\/et_pb_text][et_pb_text _builder_version=\u00bb4.24.2&#8243; _module_preset=\u00bbdefault\u00bb text_font=\u00bb|300|||||||\u00bb text_font_size=\u00bb20px\u00bb global_colors_info=\u00bb{}\u00bb]<\/p>\n<table style=\"border-collapse: collapse; width: 100%; height: 96px;\" border=\"1\">\n<tbody>\n<th style=\"width: 50%; height: 24px;\">SAMPLE<\/td>\n<th style=\"width: 50%; height: 24px;\">LIGHT RESISTANCE<\/td>\n<\/tr>\n<tr style=\"height: 24px;\">\n<td style=\"width: 50%; height: 24px;\">1-STANDARD<\/td>\n<td style=\"width: 50%; height: 24px;\">GRADE 2<\/td>\n<\/tr>\n<tr style=\"height: 24px;\">\n<td style=\"width: 50%; height: 24px;\">2-SL<\/td>\n<td style=\"width: 50%; height: 24px;\">GRADE 3\/4<\/td>\n<\/tr>\n<tr style=\"height: 24px;\">\n<td style=\"width: 50%; height: 24px;\">3-SLH<\/td>\n<td style=\"width: 50%; height: 24px;\">GRADE 5+<\/td>\n<\/tr>\n<\/tbody>\n<\/table>\n<p>[\/et_pb_text][\/et_pb_column][\/et_pb_row][et_pb_row column_structure=\u00bb1_2,1_2&#8243; _builder_version=\u00bb4.24.2&#8243; _module_preset=\u00bbdefault\u00bb global_colors_info=\u00bb{}\u00bb][et_pb_column type=\u00bb1_2&#8243; _builder_version=\u00bb4.24.2&#8243; _module_preset=\u00bbdefault\u00bb global_colors_info=\u00bb{}\u00bb][et_pb_image src=\u00bbhttps:\/\/www.ipir.com\/wp-content\/uploads\/2024\/11\/uv-sample-test-chart-e1731514687837-1.png\u00bb title_text=\u00bbuv-sample-test-chart-e1731514687837&#8243; show_in_lightbox=\u00bbon\u00bb force_fullwidth=\u00bbon\u00bb _builder_version=\u00bb4.24.2&#8243; _module_preset=\u00bbdefault\u00bb hover_enabled=\u00bb0&#8243; global_colors_info=\u00bb{}\u00bb sticky_enabled=\u00bb0&#8243;][\/et_pb_image][\/et_pb_column][et_pb_column type=\u00bb1_2&#8243; _builder_version=\u00bb4.24.2&#8243; _module_preset=\u00bbdefault\u00bb use_background_color_gradient=\u00bboff\u00bb global_colors_info=\u00bb{}\u00bb][et_pb_text _builder_version=\u00bb4.24.2&#8243; _module_preset=\u00bbdefault\u00bb text_font=\u00bb|300|||||||\u00bb text_text_color=\u00bbgcid-aa9688cf-dd4e-4f2e-b757-7ac6ed7fa1ce\u00bb text_font_size=\u00bb20px\u00bb header_2_font=\u00bb|700|||||||\u00bb header_2_text_color=\u00bbgcid-32e70da7-b325-416c-b0b8-40bc1e312e74&#8243; header_2_font_size_tablet=\u00bb\u00bb header_2_font_size_phone=\u00bb24px\u00bb header_2_font_size_last_edited=\u00bbon|phone\u00bb global_colors_info=\u00bb{%22gcid-aa9688cf-dd4e-4f2e-b757-7ac6ed7fa1ce%22:%91%22text_text_color%22%93,%22gcid-32e70da7-b325-416c-b0b8-40bc1e312e74%22:%91%22header_2_text_color%22%93}\u00bb]<\/p>\n<p style=\"text-align: left;\">&#8211; NON EXPUESTO = 0 HORAS DE EXPOSICI\u00d3N<span style=\"font-size: 20px;\"><\/span><br \/>-1\u00b0 EXPOSICI\u00d3N= 15 HORAS DE EXPOSICI\u00d3N<span style=\"font-size: 20px;\"><\/span><br \/>-2\u00b0EXPOSICI\u00d3N = 50 HORAS DE EXPOSICI\u00d3N<span style=\"font-size: 20px;\"><\/span><\/p>\n<p>[\/et_pb_text][\/et_pb_column][\/et_pb_row][et_pb_row _builder_version=\u00bb4.20.2&#8243; _module_preset=\u00bbdefault\u00bb global_colors_info=\u00bb{}\u00bb][et_pb_column type=\u00bb4_4&#8243; _builder_version=\u00bb4.20.2&#8243; _module_preset=\u00bbdefault\u00bb use_background_color_gradient=\u00bboff\u00bb global_colors_info=\u00bb{}\u00bb][et_pb_text _builder_version=\u00bb4.24.2&#8243; _module_preset=\u00bbdefault\u00bb text_font=\u00bb|600|||||||\u00bb text_text_color=\u00bb#FFFFFF\u00bb text_font_size=\u00bb36px\u00bb text_line_height=\u00bb1em\u00bb background_color=\u00bb#AC8365&#8243; text_orientation=\u00bbcenter\u00bb custom_padding=\u00bb25px|3%|25px|3%|true|true\u00bb text_font_size_tablet=\u00bb36px\u00bb text_font_size_phone=\u00bb22px\u00bb text_font_size_last_edited=\u00bbon|phone\u00bb global_colors_info=\u00bb{}\u00bb]<\/p>\n<p>No existe ning\u00fan material id\u00e9ntico a otro: trabajamos juntos para crear algo \u00daNICO. <\/p>\n<p>[\/et_pb_text][et_pb_text _builder_version=\u00bb4.24.2&#8243; _module_preset=\u00bbdefault\u00bb text_font=\u00bb|300|||||||\u00bb text_text_color=\u00bbgcid-aa9688cf-dd4e-4f2e-b757-7ac6ed7fa1ce\u00bb text_font_size=\u00bb20px\u00bb header_2_font=\u00bb|700|||||||\u00bb header_2_text_color=\u00bbgcid-32e70da7-b325-416c-b0b8-40bc1e312e74&#8243; header_2_font_size_tablet=\u00bb\u00bb header_2_font_size_phone=\u00bb24px\u00bb header_2_font_size_last_edited=\u00bbon|phone\u00bb global_colors_info=\u00bb{%22gcid-aa9688cf-dd4e-4f2e-b757-7ac6ed7fa1ce%22:%91%22text_text_color%22%93,%22gcid-32e70da7-b325-416c-b0b8-40bc1e312e74%22:%91%22header_2_text_color%22%93}\u00bb]<\/p>\n<h2>Infinitas combinaciones de colores y de motivos<\/h2>\n<p>Identifique la esencia de madera que prefiere, elija el tono de color y el dise\u00f1o de su superficie decorativa. Gracias a las habilidades y la experiencia t\u00e9cnica de nuestros dise\u00f1adores, le ofrecemos el m\u00e1ximo nivel de personalizaci\u00f3n del producto.<\/p>\n<p><strong>Vea el v\u00eddeo y descubra lo que podemos conseguir JUNTOS.<\/strong><\/p>\n<p>[\/et_pb_text][et_pb_code _builder_version=\u00bb4.21.0&#8243; _module_preset=\u00bbdefault\u00bb global_colors_info=\u00bb{}\u00bb]<\/p>\n<div class=\"et_pb_video_box\"><!-- [et_pb_line_break_holder] -->  <\/p>\n<div class=\"fluid-width-video-wrapper\" style=\"padding-top: 56.2963%;\"><!-- [et_pb_line_break_holder] -->  <iframe title=\"IPIR Sviluppa il tuo progetto\" width=\"100%\" max-height=\"516px\" src=\"https:\/\/www.youtube.com\/embed\/6J3p4PfBxgI?rel=0\" title=\"YouTube video player\" frameborder=\"0\" allow=\"accelerometer; autoplay; clipboard-write; encrypted-media; gyroscope; picture-in-picture; web-share\" allowfullscreen><\/iframe><!-- [et_pb_line_break_holder] -->  <\/div>\n<p><!-- [et_pb_line_break_holder] --><\/div>\n<p>[\/et_pb_code][\/et_pb_column][\/et_pb_row][et_pb_row _builder_version=\u00bb4.20.2&#8243; width=\u00bb100%\u00bb max_width=\u00bb100%\u00bb custom_padding=\u00bb8px||5px|||\u00bb locked=\u00bboff\u00bb global_colors_info=\u00bb{}\u00bb][et_pb_column type=\u00bb4_4&#8243; _builder_version=\u00bb4.19.4&#8243; use_background_color_gradient=\u00bboff\u00bb global_colors_info=\u00bb{}\u00bb][dica_divi_carousel show_items_desktop=\u00bb5&#8243; centermode=\u00bbon\u00bb loop=\u00bbon\u00bb arrow_nav=\u00bbon\u00bb item_spacing=\u00bb5&#8243; item_spacing_last_edited=\u00bboff|desktop\u00bb lazy_loading=\u00bbon\u00bb advanced_effect=\u00bb1&#8243; arrow_nav_color=\u00bb#FFFFFF\u00bb arrow_bg_color=\u00bb#ac8365&#8243; content_container_zindex=\u00bb11&#8243; content_container_padding=\u00bb30vh|43px|25px|43px|false|true\u00bb _builder_version=\u00bb4.20.2&#8243; title_font=\u00bbRoboto|900|||||||\u00bb title_text_color=\u00bb#ffffff\u00bb title_font_size=\u00bb30px\u00bb subtitle_font=\u00bbTrebuchet||on||||||\u00bb subtitle_text_color=\u00bb#ffffff\u00bb custom_padding=\u00bb||0px|||\u00bb global_colors_info=\u00bb{}\u00bb][dica_divi_carouselitem title=\u00bbprova\u00bb button_url_new_window=\u00bb1&#8243; _builder_version=\u00bb4.20.2&#8243; header_font=\u00bb||||||||\u00bb header_text_color=\u00bbRGBA(255,255,255,0)\u00bb header_font_size=\u00bb20px\u00bb subtitle_font_size=\u00bb4px\u00bb use_background_color_gradient=\u00bbon\u00bb background_color_gradient_direction=\u00bb189deg\u00bb background_color_gradient_stops=\u00bbrgba(0,0,0,0) 0%|rgba(255,255,255,0) 100%\u00bb background_color_gradient_overlays_image=\u00bbon\u00bb background_color_gradient_start=\u00bbrgba(0,0,0,0)\u00bb background_color_gradient_end=\u00bbrgba(0,0,0,0.96)\u00bb background_image=\u00bbhttps:\/\/www.ipir.com\/wp-content\/uploads\/2023\/04\/particolare_impiallacciato_lavorazioni_ipir.jpg\u00bb background_enable_image=\u00bbon\u00bb link_option_url_new_window=\u00bbon\u00bb global_colors_info=\u00bb{}\u00bb use_background_color_gradient__hover=\u00bbon\u00bb background__hover_enabled=\u00bbon|hover\u00bb background_color_gradient_stops__hover=\u00bbrgba(0,0,0,0) 0%|rgba(255,255,255,0) 99%\u00bb][\/dica_divi_carouselitem][dica_divi_carouselitem title=\u00bbprova2&#8243; button_url_new_window=\u00bb1&#8243; _builder_version=\u00bb4.20.2&#8243; header_font=\u00bb||||||||\u00bb header_text_color=\u00bbRGBA(255,255,255,0)\u00bb header_font_size=\u00bb20px\u00bb subtitle_font_size=\u00bb4px\u00bb use_background_color_gradient=\u00bbon\u00bb background_color_gradient_direction=\u00bb189deg\u00bb background_color_gradient_stops=\u00bbrgba(0,0,0,0) 0%|rgba(255,255,255,0) 100%\u00bb background_color_gradient_overlays_image=\u00bbon\u00bb background_color_gradient_start=\u00bbrgba(0,0,0,0)\u00bb background_color_gradient_end=\u00bbrgba(0,0,0,0.96)\u00bb background_image=\u00bbhttps:\/\/www.ipir.com\/wp-content\/uploads\/2023\/05\/170fd93f-f8de-442e-be34-fda4ab2ad2e2.jpg\u00bb background_enable_image=\u00bbon\u00bb link_option_url_new_window=\u00bbon\u00bb global_colors_info=\u00bb{}\u00bb background__hover_enabled=\u00bbon|hover\u00bb use_background_color_gradient__hover=\u00bbon\u00bb background_color_gradient_stops__hover=\u00bbrgba(0,0,0,0) 0%|rgba(255,255,255,0) 98%\u00bb][\/dica_divi_carouselitem][dica_divi_carouselitem title=\u00bbprova3&#8243; button_url_new_window=\u00bb1&#8243; _builder_version=\u00bb4.20.2&#8243; _module_preset=\u00bbdefault\u00bb header_font=\u00bb||||||||\u00bb header_text_color=\u00bbRGBA(255,255,255,0)\u00bb header_font_size=\u00bb20px\u00bb subtitle_font_size=\u00bb4px\u00bb use_background_color_gradient=\u00bbon\u00bb background_color_gradient_direction=\u00bb189deg\u00bb background_color_gradient_stops=\u00bbrgba(0,0,0,0) 0%|rgba(255,255,255,0) 99%\u00bb background_color_gradient_overlays_image=\u00bbon\u00bb background_color_gradient_start=\u00bbrgba(0,0,0,0)\u00bb background_color_gradient_end=\u00bbrgba(0,0,0,0.96)\u00bb background_image=\u00bbhttps:\/\/www.ipir.com\/wp-content\/uploads\/2023\/04\/scacchiera_ipir_905.jpg\u00bb background_enable_image=\u00bbon\u00bb link_option_url_new_window=\u00bbon\u00bb global_colors_info=\u00bb{}\u00bb background__hover_enabled=\u00bbon|hover\u00bb use_background_color_gradient__hover=\u00bbon\u00bb background_color_gradient_stops__hover=\u00bbrgba(0,0,0,0) 0%|rgba(255,255,255,0) 99%\u00bb][\/dica_divi_carouselitem][dica_divi_carouselitem title=\u00bbprova3&#8243; button_url_new_window=\u00bb1&#8243; _builder_version=\u00bb4.20.2&#8243; _module_preset=\u00bbdefault\u00bb header_font=\u00bb||||||||\u00bb header_text_color=\u00bbRGBA(255,255,255,0)\u00bb header_font_size=\u00bb20px\u00bb subtitle_font_size=\u00bb4px\u00bb use_background_color_gradient=\u00bbon\u00bb background_color_gradient_direction=\u00bb189deg\u00bb background_color_gradient_stops=\u00bbrgba(0,0,0,0) 0%|rgba(255,255,255,0) 99%\u00bb background_color_gradient_overlays_image=\u00bbon\u00bb background_color_gradient_start=\u00bbrgba(0,0,0,0)\u00bb background_color_gradient_end=\u00bbrgba(0,0,0,0.96)\u00bb background_image=\u00bbhttps:\/\/www.ipir.com\/wp-content\/uploads\/2023\/04\/9689-1-1-1-1-1.jpg\u00bb background_enable_image=\u00bbon\u00bb link_option_url_new_window=\u00bbon\u00bb global_colors_info=\u00bb{}\u00bb background__hover_enabled=\u00bbon|hover\u00bb use_background_color_gradient__hover=\u00bbon\u00bb background_color_gradient_stops__hover=\u00bbrgba(0,0,0,0) 0%|rgba(255,255,255,0) 99%\u00bb][\/dica_divi_carouselitem][dica_divi_carouselitem title=\u00bbprova3&#8243; button_url_new_window=\u00bb1&#8243; _builder_version=\u00bb4.20.2&#8243; _module_preset=\u00bbdefault\u00bb header_font=\u00bb||||||||\u00bb header_text_color=\u00bbRGBA(255,255,255,0)\u00bb header_font_size=\u00bb20px\u00bb subtitle_font_size=\u00bb4px\u00bb use_background_color_gradient=\u00bbon\u00bb background_color_gradient_direction=\u00bb189deg\u00bb background_color_gradient_stops=\u00bbrgba(0,0,0,0) 0%|rgba(255,255,255,0) 100%\u00bb background_color_gradient_overlays_image=\u00bbon\u00bb background_color_gradient_start=\u00bbrgba(0,0,0,0)\u00bb background_color_gradient_end=\u00bbrgba(0,0,0,0.96)\u00bb background_image=\u00bbhttps:\/\/www.ipir.com\/wp-content\/uploads\/2023\/05\/IMG_0185.jpg\u00bb background_enable_image=\u00bbon\u00bb link_option_url_new_window=\u00bbon\u00bb global_colors_info=\u00bb{}\u00bb background__hover_enabled=\u00bbon|hover\u00bb use_background_color_gradient__hover=\u00bbon\u00bb background_color_gradient_stops__hover=\u00bbrgba(0,0,0,0) 0%|rgba(255,255,255,0) 99%\u00bb][\/dica_divi_carouselitem][\/dica_divi_carousel][\/et_pb_column][\/et_pb_row][\/et_pb_section]<\/p>\n","protected":false},"excerpt":{"rendered":"<p>UV RESISTANCEDesarrolla tu proyecto con nuestra nueva tecnolog\u00eda resistente a la luz.Aplicando el m\u00e9todo exigido por la norma UNI EN ISO 105-B02, probamos la resistencia a los rayos UV de nuestro compuesto. De hecho, la materia prima se somete a un proceso de transformaci\u00f3n diferente, lo que la hace resistente sin necesidad de pintura. Hemos [&hellip;]<\/p>\n","protected":false},"author":1,"featured_media":0,"parent":0,"menu_order":0,"comment_status":"closed","ping_status":"closed","template":"","meta":{"_et_pb_use_builder":"on","_et_pb_old_content":"","_et_gb_content_width":"","footnotes":""},"class_list":["post-3001","page","type-page","status-publish","hentry"],"yoast_head":"<!-- This site is optimized with the Yoast SEO plugin v20.6 - https:\/\/yoast.com\/wordpress\/plugins\/seo\/ -->\n<title>Impiallacciature in legno personalizzate - IPIR F.lli Zangheri<\/title>\n<meta name=\"description\" content=\"IPIR realizza impiallacciature in legno ricomposte personalizzate: guarda il video e scopri le infinite combinazioni di modelli e colori!\" \/>\n<meta name=\"robots\" content=\"index, follow, max-snippet:-1, max-image-preview:large, max-video-preview:-1\" \/>\n<link rel=\"canonical\" href=\"https:\/\/www.ipir.com\/es\/personalizza\/\" \/>\n<meta property=\"og:locale\" content=\"es_ES\" \/>\n<meta property=\"og:type\" content=\"article\" \/>\n<meta property=\"og:title\" content=\"Impiallacciature in legno personalizzate - IPIR F.lli Zangheri\" \/>\n<meta property=\"og:description\" content=\"IPIR realizza impiallacciature in legno ricomposte personalizzate: guarda il video e scopri le infinite combinazioni di modelli e colori!\" \/>\n<meta property=\"og:url\" content=\"https:\/\/www.ipir.com\/es\/personalizza\/\" \/>\n<meta property=\"og:site_name\" content=\"IPIR F.lli Zangheri\" \/>\n<meta property=\"article:modified_time\" content=\"2024-11-13T16:25:48+00:00\" \/>\n<meta property=\"og:image\" content=\"https:\/\/www.ipir.com\/wp-content\/uploads\/2023\/03\/azienda.1920.jpg\" \/>\n\t<meta property=\"og:image:width\" content=\"1994\" \/>\n\t<meta property=\"og:image:height\" content=\"1196\" \/>\n\t<meta property=\"og:image:type\" content=\"image\/jpeg\" \/>\n<meta name=\"twitter:card\" content=\"summary_large_image\" \/>\n<meta name=\"twitter:label1\" content=\"Tiempo de lectura\" \/>\n\t<meta name=\"twitter:data1\" content=\"3 minutos\" \/>\n<script type=\"application\/ld+json\" class=\"yoast-schema-graph\">{\"@context\":\"https:\/\/schema.org\",\"@graph\":[{\"@type\":\"WebPage\",\"@id\":\"https:\/\/www.ipir.com\/es\/personalizza\/\",\"url\":\"https:\/\/www.ipir.com\/es\/personalizza\/\",\"name\":\"Impiallacciature in legno personalizzate - IPIR F.lli Zangheri\",\"isPartOf\":{\"@id\":\"https:\/\/www.ipir.com\/es\/#website\"},\"datePublished\":\"2023-04-11T09:52:24+00:00\",\"dateModified\":\"2024-11-13T16:25:48+00:00\",\"description\":\"IPIR realizza impiallacciature in legno ricomposte personalizzate: guarda il video e scopri le infinite combinazioni di modelli e colori!\",\"breadcrumb\":{\"@id\":\"https:\/\/www.ipir.com\/es\/personalizza\/#breadcrumb\"},\"inLanguage\":\"es\",\"potentialAction\":[{\"@type\":\"ReadAction\",\"target\":[\"https:\/\/www.ipir.com\/es\/personalizza\/\"]}]},{\"@type\":\"BreadcrumbList\",\"@id\":\"https:\/\/www.ipir.com\/es\/personalizza\/#breadcrumb\",\"itemListElement\":[{\"@type\":\"ListItem\",\"position\":1,\"name\":\"Home\",\"item\":\"https:\/\/www.ipir.com\/es\/\"},{\"@type\":\"ListItem\",\"position\":2,\"name\":\"UV Resistance\"}]},{\"@type\":\"WebSite\",\"@id\":\"https:\/\/www.ipir.com\/es\/#website\",\"url\":\"https:\/\/www.ipir.com\/es\/\",\"name\":\"IPIR F.lli Zangheri\",\"description\":\"LEADER NELLA FABBRICAZIONE DI IMPIALLACCIATURE RICOMPOSTE\",\"publisher\":{\"@id\":\"https:\/\/www.ipir.com\/es\/#organization\"},\"potentialAction\":[{\"@type\":\"SearchAction\",\"target\":{\"@type\":\"EntryPoint\",\"urlTemplate\":\"https:\/\/www.ipir.com\/es\/?s={search_term_string}\"},\"query-input\":\"required name=search_term_string\"}],\"inLanguage\":\"es\"},{\"@type\":\"Organization\",\"@id\":\"https:\/\/www.ipir.com\/es\/#organization\",\"name\":\"IPIR F.lli Zangheri\",\"url\":\"https:\/\/www.ipir.com\/es\/\",\"logo\":{\"@type\":\"ImageObject\",\"inLanguage\":\"es\",\"@id\":\"https:\/\/www.ipir.com\/es\/#\/schema\/logo\/image\/\",\"url\":\"https:\/\/www.ipir.com\/wp-content\/uploads\/2023\/01\/logo-1.jpg\",\"contentUrl\":\"https:\/\/www.ipir.com\/wp-content\/uploads\/2023\/01\/logo-1.jpg\",\"width\":1928,\"height\":691,\"caption\":\"IPIR F.lli Zangheri\"},\"image\":{\"@id\":\"https:\/\/www.ipir.com\/es\/#\/schema\/logo\/image\/\"}}]}<\/script>\n<!-- \/ Yoast SEO plugin. -->","yoast_head_json":{"title":"Impiallacciature in legno personalizzate - IPIR F.lli Zangheri","description":"IPIR realizza impiallacciature in legno ricomposte personalizzate: guarda il video e scopri le infinite combinazioni di modelli e colori!","robots":{"index":"index","follow":"follow","max-snippet":"max-snippet:-1","max-image-preview":"max-image-preview:large","max-video-preview":"max-video-preview:-1"},"canonical":"https:\/\/www.ipir.com\/es\/personalizza\/","og_locale":"es_ES","og_type":"article","og_title":"Impiallacciature in legno personalizzate - IPIR F.lli Zangheri","og_description":"IPIR realizza impiallacciature in legno ricomposte personalizzate: guarda il video e scopri le infinite combinazioni di modelli e colori!","og_url":"https:\/\/www.ipir.com\/es\/personalizza\/","og_site_name":"IPIR F.lli Zangheri","article_modified_time":"2024-11-13T16:25:48+00:00","og_image":[{"width":1994,"height":1196,"url":"https:\/\/www.ipir.com\/wp-content\/uploads\/2023\/03\/azienda.1920.jpg","type":"image\/jpeg"}],"twitter_card":"summary_large_image","twitter_misc":{"Tiempo de lectura":"3 minutos"},"schema":{"@context":"https:\/\/schema.org","@graph":[{"@type":"WebPage","@id":"https:\/\/www.ipir.com\/es\/personalizza\/","url":"https:\/\/www.ipir.com\/es\/personalizza\/","name":"Impiallacciature in legno personalizzate - IPIR F.lli Zangheri","isPartOf":{"@id":"https:\/\/www.ipir.com\/es\/#website"},"datePublished":"2023-04-11T09:52:24+00:00","dateModified":"2024-11-13T16:25:48+00:00","description":"IPIR realizza impiallacciature in legno ricomposte personalizzate: guarda il video e scopri le infinite combinazioni di modelli e colori!","breadcrumb":{"@id":"https:\/\/www.ipir.com\/es\/personalizza\/#breadcrumb"},"inLanguage":"es","potentialAction":[{"@type":"ReadAction","target":["https:\/\/www.ipir.com\/es\/personalizza\/"]}]},{"@type":"BreadcrumbList","@id":"https:\/\/www.ipir.com\/es\/personalizza\/#breadcrumb","itemListElement":[{"@type":"ListItem","position":1,"name":"Home","item":"https:\/\/www.ipir.com\/es\/"},{"@type":"ListItem","position":2,"name":"UV Resistance"}]},{"@type":"WebSite","@id":"https:\/\/www.ipir.com\/es\/#website","url":"https:\/\/www.ipir.com\/es\/","name":"IPIR F.lli Zangheri","description":"LEADER NELLA FABBRICAZIONE DI IMPIALLACCIATURE RICOMPOSTE","publisher":{"@id":"https:\/\/www.ipir.com\/es\/#organization"},"potentialAction":[{"@type":"SearchAction","target":{"@type":"EntryPoint","urlTemplate":"https:\/\/www.ipir.com\/es\/?s={search_term_string}"},"query-input":"required name=search_term_string"}],"inLanguage":"es"},{"@type":"Organization","@id":"https:\/\/www.ipir.com\/es\/#organization","name":"IPIR F.lli Zangheri","url":"https:\/\/www.ipir.com\/es\/","logo":{"@type":"ImageObject","inLanguage":"es","@id":"https:\/\/www.ipir.com\/es\/#\/schema\/logo\/image\/","url":"https:\/\/www.ipir.com\/wp-content\/uploads\/2023\/01\/logo-1.jpg","contentUrl":"https:\/\/www.ipir.com\/wp-content\/uploads\/2023\/01\/logo-1.jpg","width":1928,"height":691,"caption":"IPIR F.lli Zangheri"},"image":{"@id":"https:\/\/www.ipir.com\/es\/#\/schema\/logo\/image\/"}}]}},"_links":{"self":[{"href":"https:\/\/www.ipir.com\/es\/wp-json\/wp\/v2\/pages\/3001","targetHints":{"allow":["GET"]}}],"collection":[{"href":"https:\/\/www.ipir.com\/es\/wp-json\/wp\/v2\/pages"}],"about":[{"href":"https:\/\/www.ipir.com\/es\/wp-json\/wp\/v2\/types\/page"}],"author":[{"embeddable":true,"href":"https:\/\/www.ipir.com\/es\/wp-json\/wp\/v2\/users\/1"}],"replies":[{"embeddable":true,"href":"https:\/\/www.ipir.com\/es\/wp-json\/wp\/v2\/comments?post=3001"}],"version-history":[{"count":13,"href":"https:\/\/www.ipir.com\/es\/wp-json\/wp\/v2\/pages\/3001\/revisions"}],"predecessor-version":[{"id":3826,"href":"https:\/\/www.ipir.com\/es\/wp-json\/wp\/v2\/pages\/3001\/revisions\/3826"}],"wp:attachment":[{"href":"https:\/\/www.ipir.com\/es\/wp-json\/wp\/v2\/media?parent=3001"}],"curies":[{"name":"wp","href":"https:\/\/api.w.org\/{rel}","templated":true}]}}